{"id":2526,"date":"2017-10-10T14:37:00","date_gmt":"2017-10-10T12:37:00","guid":{"rendered":"https:\/\/www.sternenfee-kita.de\/konzept\/"},"modified":"2021-11-02T15:12:13","modified_gmt":"2021-11-02T14:12:13","slug":"konzept","status":"publish","type":"page","link":"https:\/\/www.sternenfee-kita.de\/es\/konzept\/","title":{"rendered":"Konzept"},"content":{"rendered":"","protected":false},"excerpt":{"rendered":"","protected":false},"author":1,"featured_media":0,"parent":0,"menu_order":0,"comment_status":"closed","ping_status":"closed","template":"","meta":[],"yoast_head":"<!-- This site is optimized with the Yoast SEO plugin v20.3 - https:\/\/yoast.com\/wordpress\/plugins\/seo\/ -->\n<title>Mehrsprachige Kindertagesst\u00e4tte | Kita Sternenfee | Konzept<\/title>\n<meta name=\"description\" content=\"Wir stehen f\u00fcr gezielte Lernangebote in kleinen Gruppen, ein gro\u00dfes Spielangebot, die F\u00f6rderung von sozialer Kompetenz, Selbstst\u00e4ndigkeit &amp; Selbstvertrauen\" \/>\n<meta name=\"robots\" content=\"index, follow, max-snippet:-1, max-image-preview:large, max-video-preview:-1\" \/>\n<link rel=\"canonical\" href=\"https:\/\/www.sternenfee-kita.de\/es\/konzept\/\" \/>\n<meta property=\"og:locale\" content=\"es_ES\" \/>\n<meta property=\"og:type\" content=\"article\" \/>\n<meta property=\"og:title\" content=\"Mehrsprachige Kindertagesst\u00e4tte | Kita Sternenfee | Konzept\" \/>\n<meta property=\"og:description\" content=\"Wir stehen f\u00fcr gezielte Lernangebote in kleinen Gruppen, ein gro\u00dfes Spielangebot, die F\u00f6rderung von sozialer Kompetenz, Selbstst\u00e4ndigkeit &amp; Selbstvertrauen\" \/>\n<meta property=\"og:url\" content=\"https:\/\/www.sternenfee-kita.de\/es\/konzept\/\" \/>\n<meta property=\"og:site_name\" content=\"Kita Sternenfee\" \/>\n<meta property=\"article:modified_time\" content=\"2021-11-02T14:12:13+00:00\" \/>\n<meta name=\"twitter:card\" content=\"summary_large_image\" \/>\n<script type=\"application\/ld+json\" class=\"yoast-schema-graph\">{\"@context\":\"https:\/\/schema.org\",\"@graph\":[{\"@type\":\"WebPage\",\"@id\":\"https:\/\/www.sternenfee-kita.de\/es\/konzept\/\",\"url\":\"https:\/\/www.sternenfee-kita.de\/es\/konzept\/\",\"name\":\"Mehrsprachige Kindertagesst\u00e4tte | Kita Sternenfee | Konzept\",\"isPartOf\":{\"@id\":\"https:\/\/www.sternenfee-kita.de\/#website\"},\"datePublished\":\"2017-10-10T12:37:00+00:00\",\"dateModified\":\"2021-11-02T14:12:13+00:00\",\"description\":\"Wir stehen f\u00fcr gezielte Lernangebote in kleinen Gruppen, ein gro\u00dfes Spielangebot, die F\u00f6rderung von sozialer Kompetenz, Selbstst\u00e4ndigkeit & Selbstvertrauen\",\"breadcrumb\":{\"@id\":\"https:\/\/www.sternenfee-kita.de\/es\/konzept\/#breadcrumb\"},\"inLanguage\":\"es\",\"potentialAction\":[{\"@type\":\"ReadAction\",\"target\":[\"https:\/\/www.sternenfee-kita.de\/es\/konzept\/\"]}]},{\"@type\":\"BreadcrumbList\",\"@id\":\"https:\/\/www.sternenfee-kita.de\/es\/konzept\/#breadcrumb\",\"itemListElement\":[{\"@type\":\"ListItem\",\"position\":1,\"name\":\"Startseite\",\"item\":\"https:\/\/www.sternenfee-kita.de\/es\/\"},{\"@type\":\"ListItem\",\"position\":2,\"name\":\"Konzept\"}]},{\"@type\":\"WebSite\",\"@id\":\"https:\/\/www.sternenfee-kita.de\/#website\",\"url\":\"https:\/\/www.sternenfee-kita.de\/\",\"name\":\"Kita Sternenfee\",\"description\":\"in M\u00fcnchen\",\"potentialAction\":[{\"@type\":\"SearchAction\",\"target\":{\"@type\":\"EntryPoint\",\"urlTemplate\":\"https:\/\/www.sternenfee-kita.de\/?s={search_term_string}\"},\"query-input\":\"required name=search_term_string\"}],\"inLanguage\":\"es\"}]}<\/script>\n<!-- \/ Yoast SEO plugin. -->","yoast_head_json":{"title":"Mehrsprachige Kindertagesst\u00e4tte | Kita Sternenfee | Konzept","description":"Wir stehen f\u00fcr gezielte Lernangebote in kleinen Gruppen, ein gro\u00dfes Spielangebot, die F\u00f6rderung von sozialer Kompetenz, Selbstst\u00e4ndigkeit & Selbstvertrauen","robots":{"index":"index","follow":"follow","max-snippet":"max-snippet:-1","max-image-preview":"max-image-preview:large","max-video-preview":"max-video-preview:-1"},"canonical":"https:\/\/www.sternenfee-kita.de\/es\/konzept\/","og_locale":"es_ES","og_type":"article","og_title":"Mehrsprachige Kindertagesst\u00e4tte | Kita Sternenfee | Konzept","og_description":"Wir stehen f\u00fcr gezielte Lernangebote in kleinen Gruppen, ein gro\u00dfes Spielangebot, die F\u00f6rderung von sozialer Kompetenz, Selbstst\u00e4ndigkeit & Selbstvertrauen","og_url":"https:\/\/www.sternenfee-kita.de\/es\/konzept\/","og_site_name":"Kita Sternenfee","article_modified_time":"2021-11-02T14:12:13+00:00","twitter_card":"summary_large_image","schema":{"@context":"https:\/\/schema.org","@graph":[{"@type":"WebPage","@id":"https:\/\/www.sternenfee-kita.de\/es\/konzept\/","url":"https:\/\/www.sternenfee-kita.de\/es\/konzept\/","name":"Mehrsprachige Kindertagesst\u00e4tte | Kita Sternenfee | Konzept","isPartOf":{"@id":"https:\/\/www.sternenfee-kita.de\/#website"},"datePublished":"2017-10-10T12:37:00+00:00","dateModified":"2021-11-02T14:12:13+00:00","description":"Wir stehen f\u00fcr gezielte Lernangebote in kleinen Gruppen, ein gro\u00dfes Spielangebot, die F\u00f6rderung von sozialer Kompetenz, Selbstst\u00e4ndigkeit & Selbstvertrauen","breadcrumb":{"@id":"https:\/\/www.sternenfee-kita.de\/es\/konzept\/#breadcrumb"},"inLanguage":"es","potentialAction":[{"@type":"ReadAction","target":["https:\/\/www.sternenfee-kita.de\/es\/konzept\/"]}]},{"@type":"BreadcrumbList","@id":"https:\/\/www.sternenfee-kita.de\/es\/konzept\/#breadcrumb","itemListElement":[{"@type":"ListItem","position":1,"name":"Startseite","item":"https:\/\/www.sternenfee-kita.de\/es\/"},{"@type":"ListItem","position":2,"name":"Konzept"}]},{"@type":"WebSite","@id":"https:\/\/www.sternenfee-kita.de\/#website","url":"https:\/\/www.sternenfee-kita.de\/","name":"Kita Sternenfee","description":"in M\u00fcnchen","potentialAction":[{"@type":"SearchAction","target":{"@type":"EntryPoint","urlTemplate":"https:\/\/www.sternenfee-kita.de\/?s={search_term_string}"},"query-input":"required name=search_term_string"}],"inLanguage":"es"}]}},"_links":{"self":[{"href":"https:\/\/www.sternenfee-kita.de\/es\/wp-json\/wp\/v2\/pages\/2526"}],"collection":[{"href":"https:\/\/www.sternenfee-kita.de\/es\/wp-json\/wp\/v2\/pages"}],"about":[{"href":"https:\/\/www.sternenfee-kita.de\/es\/wp-json\/wp\/v2\/types\/page"}],"author":[{"embeddable":true,"href":"https:\/\/www.sternenfee-kita.de\/es\/wp-json\/wp\/v2\/users\/1"}],"replies":[{"embeddable":true,"href":"https:\/\/www.sternenfee-kita.de\/es\/wp-json\/wp\/v2\/comments?post=2526"}],"version-history":[{"count":2,"href":"https:\/\/www.sternenfee-kita.de\/es\/wp-json\/wp\/v2\/pages\/2526\/revisions"}],"predecessor-version":[{"id":2600,"href":"https:\/\/www.sternenfee-kita.de\/es\/wp-json\/wp\/v2\/pages\/2526\/revisions\/2600"}],"wp:attachment":[{"href":"https:\/\/www.sternenfee-kita.de\/es\/wp-json\/wp\/v2\/media?parent=2526"}],"curies":[{"name":"wp","href":"https:\/\/api.w.org\/{rel}","templated":true}]}}