{"id":2641,"date":"2017-10-10T15:29:57","date_gmt":"2017-10-10T13:29:57","guid":{"rendered":"https:\/\/www.sternenfee-kita.de\/standorte\/"},"modified":"2021-12-06T16:05:13","modified_gmt":"2021-12-06T15:05:13","slug":"standorte","status":"publish","type":"page","link":"https:\/\/www.sternenfee-kita.de\/fr\/standorte\/","title":{"rendered":"Standorte"},"content":{"rendered":"","protected":false},"excerpt":{"rendered":"","protected":false},"author":1,"featured_media":0,"parent":0,"menu_order":0,"comment_status":"closed","ping_status":"closed","template":"","meta":[],"yoast_head":"<!-- This site is optimized with the Yoast SEO plugin v20.3 - https:\/\/yoast.com\/wordpress\/plugins\/seo\/ -->\n<title>Mehrsprachige Kindertagesst\u00e4tte | Kita Sternenfee | Standorte<\/title>\n<meta name=\"description\" content=\"Unsere Einrichtungen verf\u00fcgen \u00fcber gro\u00dfz\u00fcgige Innen- und Au\u00dfenbereiche, die Kinder zum Spielen und Entdecken einladen - auch Raum zum Schlafen und Ausruhen.\" \/>\n<meta name=\"robots\" content=\"index, follow, max-snippet:-1, max-image-preview:large, max-video-preview:-1\" \/>\n<link rel=\"canonical\" href=\"https:\/\/www.sternenfee-kita.de\/fr\/standorte\/\" \/>\n<meta property=\"og:locale\" content=\"fr_FR\" \/>\n<meta property=\"og:type\" content=\"article\" \/>\n<meta property=\"og:title\" content=\"Mehrsprachige Kindertagesst\u00e4tte | Kita Sternenfee | Standorte\" \/>\n<meta property=\"og:description\" content=\"Unsere Einrichtungen verf\u00fcgen \u00fcber gro\u00dfz\u00fcgige Innen- und Au\u00dfenbereiche, die Kinder zum Spielen und Entdecken einladen - auch Raum zum Schlafen und Ausruhen.\" \/>\n<meta property=\"og:url\" content=\"https:\/\/www.sternenfee-kita.de\/fr\/standorte\/\" \/>\n<meta property=\"og:site_name\" content=\"Kita Sternenfee\" \/>\n<meta property=\"article:modified_time\" content=\"2021-12-06T15:05:13+00:00\" \/>\n<meta name=\"twitter:card\" content=\"summary_large_image\" \/>\n<script type=\"application\/ld+json\" class=\"yoast-schema-graph\">{\"@context\":\"https:\/\/schema.org\",\"@graph\":[{\"@type\":\"WebPage\",\"@id\":\"https:\/\/www.sternenfee-kita.de\/fr\/standorte\/\",\"url\":\"https:\/\/www.sternenfee-kita.de\/fr\/standorte\/\",\"name\":\"Mehrsprachige Kindertagesst\u00e4tte | Kita Sternenfee | Standorte\",\"isPartOf\":{\"@id\":\"https:\/\/www.sternenfee-kita.de\/#website\"},\"datePublished\":\"2017-10-10T13:29:57+00:00\",\"dateModified\":\"2021-12-06T15:05:13+00:00\",\"description\":\"Unsere Einrichtungen verf\u00fcgen \u00fcber gro\u00dfz\u00fcgige Innen- und Au\u00dfenbereiche, die Kinder zum Spielen und Entdecken einladen - auch Raum zum Schlafen und Ausruhen.\",\"breadcrumb\":{\"@id\":\"https:\/\/www.sternenfee-kita.de\/fr\/standorte\/#breadcrumb\"},\"inLanguage\":\"fr-FR\",\"potentialAction\":[{\"@type\":\"ReadAction\",\"target\":[\"https:\/\/www.sternenfee-kita.de\/fr\/standorte\/\"]}]},{\"@type\":\"BreadcrumbList\",\"@id\":\"https:\/\/www.sternenfee-kita.de\/fr\/standorte\/#breadcrumb\",\"itemListElement\":[{\"@type\":\"ListItem\",\"position\":1,\"name\":\"Startseite\",\"item\":\"https:\/\/www.sternenfee-kita.de\/fr\/\"},{\"@type\":\"ListItem\",\"position\":2,\"name\":\"Standorte\"}]},{\"@type\":\"WebSite\",\"@id\":\"https:\/\/www.sternenfee-kita.de\/#website\",\"url\":\"https:\/\/www.sternenfee-kita.de\/\",\"name\":\"Kita Sternenfee\",\"description\":\"in M\u00fcnchen\",\"potentialAction\":[{\"@type\":\"SearchAction\",\"target\":{\"@type\":\"EntryPoint\",\"urlTemplate\":\"https:\/\/www.sternenfee-kita.de\/?s={search_term_string}\"},\"query-input\":\"required name=search_term_string\"}],\"inLanguage\":\"fr-FR\"}]}<\/script>\n<!-- \/ Yoast SEO plugin. -->","yoast_head_json":{"title":"Mehrsprachige Kindertagesst\u00e4tte | Kita Sternenfee | Standorte","description":"Unsere Einrichtungen verf\u00fcgen \u00fcber gro\u00dfz\u00fcgige Innen- und Au\u00dfenbereiche, die Kinder zum Spielen und Entdecken einladen - auch Raum zum Schlafen und Ausruhen.","robots":{"index":"index","follow":"follow","max-snippet":"max-snippet:-1","max-image-preview":"max-image-preview:large","max-video-preview":"max-video-preview:-1"},"canonical":"https:\/\/www.sternenfee-kita.de\/fr\/standorte\/","og_locale":"fr_FR","og_type":"article","og_title":"Mehrsprachige Kindertagesst\u00e4tte | Kita Sternenfee | Standorte","og_description":"Unsere Einrichtungen verf\u00fcgen \u00fcber gro\u00dfz\u00fcgige Innen- und Au\u00dfenbereiche, die Kinder zum Spielen und Entdecken einladen - auch Raum zum Schlafen und Ausruhen.","og_url":"https:\/\/www.sternenfee-kita.de\/fr\/standorte\/","og_site_name":"Kita Sternenfee","article_modified_time":"2021-12-06T15:05:13+00:00","twitter_card":"summary_large_image","schema":{"@context":"https:\/\/schema.org","@graph":[{"@type":"WebPage","@id":"https:\/\/www.sternenfee-kita.de\/fr\/standorte\/","url":"https:\/\/www.sternenfee-kita.de\/fr\/standorte\/","name":"Mehrsprachige Kindertagesst\u00e4tte | Kita Sternenfee | Standorte","isPartOf":{"@id":"https:\/\/www.sternenfee-kita.de\/#website"},"datePublished":"2017-10-10T13:29:57+00:00","dateModified":"2021-12-06T15:05:13+00:00","description":"Unsere Einrichtungen verf\u00fcgen \u00fcber gro\u00dfz\u00fcgige Innen- und Au\u00dfenbereiche, die Kinder zum Spielen und Entdecken einladen - auch Raum zum Schlafen und Ausruhen.","breadcrumb":{"@id":"https:\/\/www.sternenfee-kita.de\/fr\/standorte\/#breadcrumb"},"inLanguage":"fr-FR","potentialAction":[{"@type":"ReadAction","target":["https:\/\/www.sternenfee-kita.de\/fr\/standorte\/"]}]},{"@type":"BreadcrumbList","@id":"https:\/\/www.sternenfee-kita.de\/fr\/standorte\/#breadcrumb","itemListElement":[{"@type":"ListItem","position":1,"name":"Startseite","item":"https:\/\/www.sternenfee-kita.de\/fr\/"},{"@type":"ListItem","position":2,"name":"Standorte"}]},{"@type":"WebSite","@id":"https:\/\/www.sternenfee-kita.de\/#website","url":"https:\/\/www.sternenfee-kita.de\/","name":"Kita Sternenfee","description":"in M\u00fcnchen","potentialAction":[{"@type":"SearchAction","target":{"@type":"EntryPoint","urlTemplate":"https:\/\/www.sternenfee-kita.de\/?s={search_term_string}"},"query-input":"required name=search_term_string"}],"inLanguage":"fr-FR"}]}},"_links":{"self":[{"href":"https:\/\/www.sternenfee-kita.de\/fr\/wp-json\/wp\/v2\/pages\/2641"}],"collection":[{"href":"https:\/\/www.sternenfee-kita.de\/fr\/wp-json\/wp\/v2\/pages"}],"about":[{"href":"https:\/\/www.sternenfee-kita.de\/fr\/wp-json\/wp\/v2\/types\/page"}],"author":[{"embeddable":true,"href":"https:\/\/www.sternenfee-kita.de\/fr\/wp-json\/wp\/v2\/users\/1"}],"replies":[{"embeddable":true,"href":"https:\/\/www.sternenfee-kita.de\/fr\/wp-json\/wp\/v2\/comments?post=2641"}],"version-history":[{"count":2,"href":"https:\/\/www.sternenfee-kita.de\/fr\/wp-json\/wp\/v2\/pages\/2641\/revisions"}],"predecessor-version":[{"id":2695,"href":"https:\/\/www.sternenfee-kita.de\/fr\/wp-json\/wp\/v2\/pages\/2641\/revisions\/2695"}],"wp:attachment":[{"href":"https:\/\/www.sternenfee-kita.de\/fr\/wp-json\/wp\/v2\/media?parent=2641"}],"curies":[{"name":"wp","href":"https:\/\/api.w.org\/{rel}","templated":true}]}}