{"id":2649,"date":"2017-10-10T16:08:04","date_gmt":"2017-10-10T14:08:04","guid":{"rendered":"https:\/\/www.sternenfee-kita.de\/zeiten-preise\/"},"modified":"2025-05-07T18:44:00","modified_gmt":"2025-05-07T16:44:00","slug":"zeiten-preise","status":"publish","type":"page","link":"https:\/\/www.sternenfee-kita.de\/fr\/zeiten-preise\/","title":{"rendered":"Zeiten &#038; Preise"},"content":{"rendered":"","protected":false},"excerpt":{"rendered":"","protected":false},"author":1,"featured_media":0,"parent":0,"menu_order":0,"comment_status":"closed","ping_status":"closed","template":"","meta":[],"yoast_head":"<!-- This site is optimized with the Yoast SEO plugin v20.3 - https:\/\/yoast.com\/wordpress\/plugins\/seo\/ -->\n<title>Mehrsprachige Kindertagesst\u00e4tte | Kita Sternenfee | Zeiten &amp; Preise<\/title>\n<meta name=\"description\" content=\"Unsere Kindertagesst\u00e4tten sind ge\u00f6ffnet von Montag - Freitag, Wochenenden &amp; Feiertage geschlossen. Geb\u00fchren richten sich nach \u201eM\u00fcnchner F\u00f6rderformel\u201c (MFF).\" \/>\n<meta name=\"robots\" content=\"index, follow, max-snippet:-1, max-image-preview:large, max-video-preview:-1\" \/>\n<link rel=\"canonical\" href=\"https:\/\/www.sternenfee-kita.de\/fr\/zeiten-preise\/\" \/>\n<meta property=\"og:locale\" content=\"fr_FR\" \/>\n<meta property=\"og:type\" content=\"article\" \/>\n<meta property=\"og:title\" content=\"Mehrsprachige Kindertagesst\u00e4tte | Kita Sternenfee | Zeiten &amp; Preise\" \/>\n<meta property=\"og:description\" content=\"Unsere Kindertagesst\u00e4tten sind ge\u00f6ffnet von Montag - Freitag, Wochenenden &amp; Feiertage geschlossen. Geb\u00fchren richten sich nach \u201eM\u00fcnchner F\u00f6rderformel\u201c (MFF).\" \/>\n<meta property=\"og:url\" content=\"https:\/\/www.sternenfee-kita.de\/fr\/zeiten-preise\/\" \/>\n<meta property=\"og:site_name\" content=\"Kita Sternenfee\" \/>\n<meta property=\"article:modified_time\" content=\"2025-05-07T16:44:00+00:00\" \/>\n<meta name=\"twitter:card\" content=\"summary_large_image\" \/>\n<script type=\"application\/ld+json\" class=\"yoast-schema-graph\">{\"@context\":\"https:\/\/schema.org\",\"@graph\":[{\"@type\":\"WebPage\",\"@id\":\"https:\/\/www.sternenfee-kita.de\/fr\/zeiten-preise\/\",\"url\":\"https:\/\/www.sternenfee-kita.de\/fr\/zeiten-preise\/\",\"name\":\"Mehrsprachige Kindertagesst\u00e4tte | Kita Sternenfee | Zeiten & Preise\",\"isPartOf\":{\"@id\":\"https:\/\/www.sternenfee-kita.de\/#website\"},\"datePublished\":\"2017-10-10T14:08:04+00:00\",\"dateModified\":\"2025-05-07T16:44:00+00:00\",\"description\":\"Unsere Kindertagesst\u00e4tten sind ge\u00f6ffnet von Montag - Freitag, Wochenenden & Feiertage geschlossen. Geb\u00fchren richten sich nach \u201eM\u00fcnchner F\u00f6rderformel\u201c (MFF).\",\"breadcrumb\":{\"@id\":\"https:\/\/www.sternenfee-kita.de\/fr\/zeiten-preise\/#breadcrumb\"},\"inLanguage\":\"fr-FR\",\"potentialAction\":[{\"@type\":\"ReadAction\",\"target\":[\"https:\/\/www.sternenfee-kita.de\/fr\/zeiten-preise\/\"]}]},{\"@type\":\"BreadcrumbList\",\"@id\":\"https:\/\/www.sternenfee-kita.de\/fr\/zeiten-preise\/#breadcrumb\",\"itemListElement\":[{\"@type\":\"ListItem\",\"position\":1,\"name\":\"Startseite\",\"item\":\"https:\/\/www.sternenfee-kita.de\/fr\/\"},{\"@type\":\"ListItem\",\"position\":2,\"name\":\"Zeiten &#038; Preise\"}]},{\"@type\":\"WebSite\",\"@id\":\"https:\/\/www.sternenfee-kita.de\/#website\",\"url\":\"https:\/\/www.sternenfee-kita.de\/\",\"name\":\"Kita Sternenfee\",\"description\":\"in M\u00fcnchen\",\"potentialAction\":[{\"@type\":\"SearchAction\",\"target\":{\"@type\":\"EntryPoint\",\"urlTemplate\":\"https:\/\/www.sternenfee-kita.de\/?s={search_term_string}\"},\"query-input\":\"required name=search_term_string\"}],\"inLanguage\":\"fr-FR\"}]}<\/script>\n<!-- \/ Yoast SEO plugin. -->","yoast_head_json":{"title":"Mehrsprachige Kindertagesst\u00e4tte | Kita Sternenfee | Zeiten & Preise","description":"Unsere Kindertagesst\u00e4tten sind ge\u00f6ffnet von Montag - Freitag, Wochenenden & Feiertage geschlossen. Geb\u00fchren richten sich nach \u201eM\u00fcnchner F\u00f6rderformel\u201c (MFF).","robots":{"index":"index","follow":"follow","max-snippet":"max-snippet:-1","max-image-preview":"max-image-preview:large","max-video-preview":"max-video-preview:-1"},"canonical":"https:\/\/www.sternenfee-kita.de\/fr\/zeiten-preise\/","og_locale":"fr_FR","og_type":"article","og_title":"Mehrsprachige Kindertagesst\u00e4tte | Kita Sternenfee | Zeiten & Preise","og_description":"Unsere Kindertagesst\u00e4tten sind ge\u00f6ffnet von Montag - Freitag, Wochenenden & Feiertage geschlossen. Geb\u00fchren richten sich nach \u201eM\u00fcnchner F\u00f6rderformel\u201c (MFF).","og_url":"https:\/\/www.sternenfee-kita.de\/fr\/zeiten-preise\/","og_site_name":"Kita Sternenfee","article_modified_time":"2025-05-07T16:44:00+00:00","twitter_card":"summary_large_image","schema":{"@context":"https:\/\/schema.org","@graph":[{"@type":"WebPage","@id":"https:\/\/www.sternenfee-kita.de\/fr\/zeiten-preise\/","url":"https:\/\/www.sternenfee-kita.de\/fr\/zeiten-preise\/","name":"Mehrsprachige Kindertagesst\u00e4tte | Kita Sternenfee | Zeiten & Preise","isPartOf":{"@id":"https:\/\/www.sternenfee-kita.de\/#website"},"datePublished":"2017-10-10T14:08:04+00:00","dateModified":"2025-05-07T16:44:00+00:00","description":"Unsere Kindertagesst\u00e4tten sind ge\u00f6ffnet von Montag - Freitag, Wochenenden & Feiertage geschlossen. Geb\u00fchren richten sich nach \u201eM\u00fcnchner F\u00f6rderformel\u201c (MFF).","breadcrumb":{"@id":"https:\/\/www.sternenfee-kita.de\/fr\/zeiten-preise\/#breadcrumb"},"inLanguage":"fr-FR","potentialAction":[{"@type":"ReadAction","target":["https:\/\/www.sternenfee-kita.de\/fr\/zeiten-preise\/"]}]},{"@type":"BreadcrumbList","@id":"https:\/\/www.sternenfee-kita.de\/fr\/zeiten-preise\/#breadcrumb","itemListElement":[{"@type":"ListItem","position":1,"name":"Startseite","item":"https:\/\/www.sternenfee-kita.de\/fr\/"},{"@type":"ListItem","position":2,"name":"Zeiten &#038; Preise"}]},{"@type":"WebSite","@id":"https:\/\/www.sternenfee-kita.de\/#website","url":"https:\/\/www.sternenfee-kita.de\/","name":"Kita Sternenfee","description":"in M\u00fcnchen","potentialAction":[{"@type":"SearchAction","target":{"@type":"EntryPoint","urlTemplate":"https:\/\/www.sternenfee-kita.de\/?s={search_term_string}"},"query-input":"required name=search_term_string"}],"inLanguage":"fr-FR"}]}},"_links":{"self":[{"href":"https:\/\/www.sternenfee-kita.de\/fr\/wp-json\/wp\/v2\/pages\/2649"}],"collection":[{"href":"https:\/\/www.sternenfee-kita.de\/fr\/wp-json\/wp\/v2\/pages"}],"about":[{"href":"https:\/\/www.sternenfee-kita.de\/fr\/wp-json\/wp\/v2\/types\/page"}],"author":[{"embeddable":true,"href":"https:\/\/www.sternenfee-kita.de\/fr\/wp-json\/wp\/v2\/users\/1"}],"replies":[{"embeddable":true,"href":"https:\/\/www.sternenfee-kita.de\/fr\/wp-json\/wp\/v2\/comments?post=2649"}],"version-history":[{"count":3,"href":"https:\/\/www.sternenfee-kita.de\/fr\/wp-json\/wp\/v2\/pages\/2649\/revisions"}],"predecessor-version":[{"id":3157,"href":"https:\/\/www.sternenfee-kita.de\/fr\/wp-json\/wp\/v2\/pages\/2649\/revisions\/3157"}],"wp:attachment":[{"href":"https:\/\/www.sternenfee-kita.de\/fr\/wp-json\/wp\/v2\/media?parent=2649"}],"curies":[{"name":"wp","href":"https:\/\/api.w.org\/{rel}","templated":true}]}}