{"id":2671,"date":"2020-06-21T18:47:47","date_gmt":"2020-06-21T16:47:47","guid":{"rendered":"https:\/\/www.sternenfee-kita.de\/jobsausbildung\/"},"modified":"2021-12-06T11:26:11","modified_gmt":"2021-12-06T10:26:11","slug":"jobsausbildung","status":"publish","type":"page","link":"https:\/\/www.sternenfee-kita.de\/fr\/jobsausbildung\/","title":{"rendered":"Jobs &#038; Ausbildung"},"content":{"rendered":"","protected":false},"excerpt":{"rendered":"","protected":false},"author":9,"featured_media":0,"parent":0,"menu_order":0,"comment_status":"closed","ping_status":"closed","template":"","meta":[],"yoast_head":"<!-- This site is optimized with the Yoast SEO plugin v20.3 - https:\/\/yoast.com\/wordpress\/plugins\/seo\/ -->\n<title>Mehrsprachige Kindertagesst\u00e4tte | Kita Sternenfee | f\u00fcr Eltern<\/title>\n<meta name=\"description\" content=\"Wir beantworten Ihnen gerne alle Fragen z. B. zu Online-Anmeldung, Eingew\u00f6hnung, Tagesablauf, Ern\u00e4hrung, Sportaktivit\u00e4ten sowie Lern- und Spielangeboten\" \/>\n<meta name=\"robots\" content=\"index, follow, max-snippet:-1, max-image-preview:large, max-video-preview:-1\" \/>\n<link rel=\"canonical\" href=\"https:\/\/www.sternenfee-kita.de\/fr\/jobsausbildung\/\" \/>\n<meta property=\"og:locale\" content=\"fr_FR\" \/>\n<meta property=\"og:type\" content=\"article\" \/>\n<meta property=\"og:title\" content=\"Mehrsprachige Kindertagesst\u00e4tte | Kita Sternenfee | f\u00fcr Eltern\" \/>\n<meta property=\"og:description\" content=\"Wir beantworten Ihnen gerne alle Fragen z. B. zu Online-Anmeldung, Eingew\u00f6hnung, Tagesablauf, Ern\u00e4hrung, Sportaktivit\u00e4ten sowie Lern- und Spielangeboten\" \/>\n<meta property=\"og:url\" content=\"https:\/\/www.sternenfee-kita.de\/fr\/jobsausbildung\/\" \/>\n<meta property=\"og:site_name\" content=\"Kita Sternenfee\" \/>\n<meta property=\"article:modified_time\" content=\"2021-12-06T10:26:11+00:00\" \/>\n<meta name=\"twitter:card\" content=\"summary_large_image\" \/>\n<script type=\"application\/ld+json\" class=\"yoast-schema-graph\">{\"@context\":\"https:\/\/schema.org\",\"@graph\":[{\"@type\":\"WebPage\",\"@id\":\"https:\/\/www.sternenfee-kita.de\/fr\/jobsausbildung\/\",\"url\":\"https:\/\/www.sternenfee-kita.de\/fr\/jobsausbildung\/\",\"name\":\"Mehrsprachige Kindertagesst\u00e4tte | Kita Sternenfee | f\u00fcr Eltern\",\"isPartOf\":{\"@id\":\"https:\/\/www.sternenfee-kita.de\/#website\"},\"datePublished\":\"2020-06-21T16:47:47+00:00\",\"dateModified\":\"2021-12-06T10:26:11+00:00\",\"description\":\"Wir beantworten Ihnen gerne alle Fragen z. B. zu Online-Anmeldung, Eingew\u00f6hnung, Tagesablauf, Ern\u00e4hrung, Sportaktivit\u00e4ten sowie Lern- und Spielangeboten\",\"breadcrumb\":{\"@id\":\"https:\/\/www.sternenfee-kita.de\/fr\/jobsausbildung\/#breadcrumb\"},\"inLanguage\":\"fr-FR\",\"potentialAction\":[{\"@type\":\"ReadAction\",\"target\":[\"https:\/\/www.sternenfee-kita.de\/fr\/jobsausbildung\/\"]}]},{\"@type\":\"BreadcrumbList\",\"@id\":\"https:\/\/www.sternenfee-kita.de\/fr\/jobsausbildung\/#breadcrumb\",\"itemListElement\":[{\"@type\":\"ListItem\",\"position\":1,\"name\":\"Startseite\",\"item\":\"https:\/\/www.sternenfee-kita.de\/fr\/\"},{\"@type\":\"ListItem\",\"position\":2,\"name\":\"Jobs &#038; Ausbildung\"}]},{\"@type\":\"WebSite\",\"@id\":\"https:\/\/www.sternenfee-kita.de\/#website\",\"url\":\"https:\/\/www.sternenfee-kita.de\/\",\"name\":\"Kita Sternenfee\",\"description\":\"in M\u00fcnchen\",\"potentialAction\":[{\"@type\":\"SearchAction\",\"target\":{\"@type\":\"EntryPoint\",\"urlTemplate\":\"https:\/\/www.sternenfee-kita.de\/?s={search_term_string}\"},\"query-input\":\"required name=search_term_string\"}],\"inLanguage\":\"fr-FR\"}]}<\/script>\n<!-- \/ Yoast SEO plugin. -->","yoast_head_json":{"title":"Mehrsprachige Kindertagesst\u00e4tte | Kita Sternenfee | f\u00fcr Eltern","description":"Wir beantworten Ihnen gerne alle Fragen z. B. zu Online-Anmeldung, Eingew\u00f6hnung, Tagesablauf, Ern\u00e4hrung, Sportaktivit\u00e4ten sowie Lern- und Spielangeboten","robots":{"index":"index","follow":"follow","max-snippet":"max-snippet:-1","max-image-preview":"max-image-preview:large","max-video-preview":"max-video-preview:-1"},"canonical":"https:\/\/www.sternenfee-kita.de\/fr\/jobsausbildung\/","og_locale":"fr_FR","og_type":"article","og_title":"Mehrsprachige Kindertagesst\u00e4tte | Kita Sternenfee | f\u00fcr Eltern","og_description":"Wir beantworten Ihnen gerne alle Fragen z. B. zu Online-Anmeldung, Eingew\u00f6hnung, Tagesablauf, Ern\u00e4hrung, Sportaktivit\u00e4ten sowie Lern- und Spielangeboten","og_url":"https:\/\/www.sternenfee-kita.de\/fr\/jobsausbildung\/","og_site_name":"Kita Sternenfee","article_modified_time":"2021-12-06T10:26:11+00:00","twitter_card":"summary_large_image","schema":{"@context":"https:\/\/schema.org","@graph":[{"@type":"WebPage","@id":"https:\/\/www.sternenfee-kita.de\/fr\/jobsausbildung\/","url":"https:\/\/www.sternenfee-kita.de\/fr\/jobsausbildung\/","name":"Mehrsprachige Kindertagesst\u00e4tte | Kita Sternenfee | f\u00fcr Eltern","isPartOf":{"@id":"https:\/\/www.sternenfee-kita.de\/#website"},"datePublished":"2020-06-21T16:47:47+00:00","dateModified":"2021-12-06T10:26:11+00:00","description":"Wir beantworten Ihnen gerne alle Fragen z. B. zu Online-Anmeldung, Eingew\u00f6hnung, Tagesablauf, Ern\u00e4hrung, Sportaktivit\u00e4ten sowie Lern- und Spielangeboten","breadcrumb":{"@id":"https:\/\/www.sternenfee-kita.de\/fr\/jobsausbildung\/#breadcrumb"},"inLanguage":"fr-FR","potentialAction":[{"@type":"ReadAction","target":["https:\/\/www.sternenfee-kita.de\/fr\/jobsausbildung\/"]}]},{"@type":"BreadcrumbList","@id":"https:\/\/www.sternenfee-kita.de\/fr\/jobsausbildung\/#breadcrumb","itemListElement":[{"@type":"ListItem","position":1,"name":"Startseite","item":"https:\/\/www.sternenfee-kita.de\/fr\/"},{"@type":"ListItem","position":2,"name":"Jobs &#038; Ausbildung"}]},{"@type":"WebSite","@id":"https:\/\/www.sternenfee-kita.de\/#website","url":"https:\/\/www.sternenfee-kita.de\/","name":"Kita Sternenfee","description":"in M\u00fcnchen","potentialAction":[{"@type":"SearchAction","target":{"@type":"EntryPoint","urlTemplate":"https:\/\/www.sternenfee-kita.de\/?s={search_term_string}"},"query-input":"required name=search_term_string"}],"inLanguage":"fr-FR"}]}},"_links":{"self":[{"href":"https:\/\/www.sternenfee-kita.de\/fr\/wp-json\/wp\/v2\/pages\/2671"}],"collection":[{"href":"https:\/\/www.sternenfee-kita.de\/fr\/wp-json\/wp\/v2\/pages"}],"about":[{"href":"https:\/\/www.sternenfee-kita.de\/fr\/wp-json\/wp\/v2\/types\/page"}],"author":[{"embeddable":true,"href":"https:\/\/www.sternenfee-kita.de\/fr\/wp-json\/wp\/v2\/users\/9"}],"replies":[{"embeddable":true,"href":"https:\/\/www.sternenfee-kita.de\/fr\/wp-json\/wp\/v2\/comments?post=2671"}],"version-history":[{"count":1,"href":"https:\/\/www.sternenfee-kita.de\/fr\/wp-json\/wp\/v2\/pages\/2671\/revisions"}],"predecessor-version":[{"id":2672,"href":"https:\/\/www.sternenfee-kita.de\/fr\/wp-json\/wp\/v2\/pages\/2671\/revisions\/2672"}],"wp:attachment":[{"href":"https:\/\/www.sternenfee-kita.de\/fr\/wp-json\/wp\/v2\/media?parent=2671"}],"curies":[{"name":"wp","href":"https:\/\/api.w.org\/{rel}","templated":true}]}}